{"id":905,"date":"2024-11-15T07:36:56","date_gmt":"2024-11-15T04:36:56","guid":{"rendered":"https:\/\/elvanbayraktar.com\/about-us\/"},"modified":"2026-03-16T09:13:58","modified_gmt":"2026-03-16T06:13:58","slug":"about-us","status":"publish","type":"page","link":"https:\/\/elvanbayraktar.com\/en\/about-us\/","title":{"rendered":"About Us"},"content":{"rendered":"\t\t<div data-elementor-type=\"wp-page\" data-elementor-id=\"905\" class=\"elementor elementor-905 elementor-263\" data-elementor-post-type=\"page\">\n\t\t\t\t\t\t<section class=\"elementor-section elementor-top-section elementor-element elementor-element-95d9d74 elementor-section-content-middle elementor-section-boxed elementor-section-height-default elementor-section-height-default\" data-id=\"95d9d74\" data-element_type=\"section\" data-settings=\"{&quot;background_background&quot;:&quot;classic&quot;}\">\n\t\t\t\t\t\t<div class=\"elementor-container elementor-column-gap-default\">\n\t\t\t\t\t<div class=\"elementor-column elementor-col-50 elementor-top-column elementor-element elementor-element-b646527\" data-id=\"b646527\" data-element_type=\"column\">\n\t\t\t<div class=\"elementor-widget-wrap elementor-element-populated\">\n\t\t\t\t\t\t<div class=\"elementor-element elementor-element-d8cabbf animated-slow elementor-invisible elementor-widget elementor-widget-heading\" data-id=\"d8cabbf\" data-element_type=\"widget\" data-settings=\"{&quot;_animation&quot;:&quot;fadeInLeft&quot;}\" data-widget_type=\"heading.default\">\n\t\t\t\t<div class=\"elementor-widget-container\">\n\t\t\t\t\t<div class=\"elementor-heading-title elementor-size-default\">About me<\/div>\t\t\t\t<\/div>\n\t\t\t\t<\/div>\n\t\t\t\t<div class=\"elementor-element elementor-element-a6857b9 elementor-widget elementor-widget-heading\" data-id=\"a6857b9\" data-element_type=\"widget\" data-widget_type=\"heading.default\">\n\t\t\t\t<div class=\"elementor-widget-container\">\n\t\t\t\t\t<h2 class=\"elementor-heading-title elementor-size-default\">Op. Dr. Elvan Bayraktar<\/h2>\t\t\t\t<\/div>\n\t\t\t\t<\/div>\n\t\t\t\t<div class=\"elementor-element elementor-element-4bbec06 elementor-widget elementor-widget-text-editor\" data-id=\"4bbec06\" data-element_type=\"widget\" data-widget_type=\"text-editor.default\">\n\t\t\t\t<div class=\"elementor-widget-container\">\n\t\t\t\t\t\t\t\t\t<p class=\"whitespace-pre-wrap break-words\">Op. Dr. Elvan Bayraktar graduated from Karadeniz Technical University Faculty of Medicine in 1996 and completed her specialty training in Plastic Reconstructive and Aesthetic Surgery at the same university in 2013. With his extensive experience in the aesthetic and reconstructive fields of plastic surgery, he has adopted the principle of offering the most up-to-date and effective treatment methods to his patients.<\/p><p class=\"whitespace-pre-wrap break-words\">Having performed thousands of successful operations throughout his career, Dr. Bayraktar specializes in aesthetic surgery, especially in facial aesthetics, rhinoplasty, body contouring, breast aesthetics and hair transplantation. It creates personalized treatment plans by evaluating the unique needs and expectations of each patient in detail.<\/p><p class=\"whitespace-pre-wrap break-words\">Dr. Bayraktar&#8217;s areas of expertise include rhinoplasty, breast augmentation, reduction and lift operations, liposuction, tummy tuck, Brazilian Butt Lift (BBL), facelift and eyelid aesthetics. She also has extensive experience in non-invasive procedures such as fillers, botox and mesotherapy.<\/p>\t\t\t\t\t\t\t\t<\/div>\n\t\t\t\t<\/div>\n\t\t\t\t\t<\/div>\n\t\t<\/div>\n\t\t\t\t<div class=\"elementor-column elementor-col-50 elementor-top-column elementor-element elementor-element-188df62\" data-id=\"188df62\" data-element_type=\"column\">\n\t\t\t<div class=\"elementor-widget-wrap elementor-element-populated\">\n\t\t\t\t\t\t<div class=\"elementor-element elementor-element-cae5cf6 elementor-widget elementor-widget-image\" data-id=\"cae5cf6\" data-element_type=\"widget\" data-widget_type=\"image.default\">\n\t\t\t\t<div class=\"elementor-widget-container\">\n\t\t\t\t\t\t\t\t\t\t\t\t\t\t\t<img fetchpriority=\"high\" width=\"800\" height=\"800\" src=\"https:\/\/elvanbayraktar.com\/wp-content\/uploads\/2025\/02\/elvan-bayraktar.webp\" class=\"attachment-full size-full wp-image-1083\" alt=\"Op Dr Elvan Bayraktar\" decoding=\"async\" srcset=\"https:\/\/elvanbayraktar.com\/wp-content\/uploads\/2025\/02\/elvan-bayraktar.webp 800w, https:\/\/elvanbayraktar.com\/wp-content\/uploads\/2025\/02\/elvan-bayraktar-300x300.webp 300w, https:\/\/elvanbayraktar.com\/wp-content\/uploads\/2025\/02\/elvan-bayraktar-150x150.webp 150w, https:\/\/elvanbayraktar.com\/wp-content\/uploads\/2025\/02\/elvan-bayraktar-768x768.webp 768w, https:\/\/elvanbayraktar.com\/wp-content\/uploads\/2025\/02\/elementor\/thumbs\/elvan-bayraktar-150x150.webp 2000w\" sizes=\"(max-width: 800px) 100vw, 800px\" \/>\t\t\t\t\t\t\t\t\t\t\t\t\t\t\t<\/div>\n\t\t\t\t<\/div>\n\t\t\t\t\t<\/div>\n\t\t<\/div>\n\t\t\t\t\t<\/div>\n\t\t<\/section>\n\t\t<div class=\"elementor-element elementor-element-60a0d14 e-flex e-con-boxed e-con e-parent\" data-id=\"60a0d14\" data-element_type=\"container\">\n\t\t\t\t\t<div class=\"e-con-inner\">\n\t\t<div class=\"elementor-element elementor-element-2d5f080 e-con-full e-flex e-con e-child\" data-id=\"2d5f080\" data-element_type=\"container\">\n\t\t\t\t<div class=\"elementor-element elementor-element-161804b jkit-equal-height-disable elementor-widget elementor-widget-jkit_icon_box\" data-id=\"161804b\" data-element_type=\"widget\" data-widget_type=\"jkit_icon_box.default\">\n\t\t\t\t<div class=\"elementor-widget-container\">\n\t\t\t\t\t<div  class=\"jeg-elementor-kit jkit-icon-box icon-position-left elementor-animation- jeg_module___69f4c5f4b291d\" ><div class=\"jkit-icon-box-wrapper hover-from-left\"><div class=\"icon-box icon-box-header elementor-animation-float\"><div class=\"icon style-color\"><i aria-hidden=\"true\" class=\"jki jki-stethoscope-light\"><\/i><\/div><\/div><div class=\"icon-box icon-box-body\">\n                <div class=\"title\">Ki\u015fiye \u00d6zel Tedavi<\/div><p class=\"icon-box-description\">Her hastaya \u00f6zel olarak planlanan tedavi ve takip s\u00fcreci<\/p>\n            <\/div>\n            \n            <\/div><\/div>\t\t\t\t<\/div>\n\t\t\t\t<\/div>\n\t\t\t\t<\/div>\n\t\t<div class=\"elementor-element elementor-element-7987806 e-con-full e-flex e-con e-child\" data-id=\"7987806\" data-element_type=\"container\">\n\t\t\t\t<div class=\"elementor-element elementor-element-5a194ae jkit-equal-height-disable elementor-widget elementor-widget-jkit_icon_box\" data-id=\"5a194ae\" data-element_type=\"widget\" data-widget_type=\"jkit_icon_box.default\">\n\t\t\t\t<div class=\"elementor-widget-container\">\n\t\t\t\t\t<div  class=\"jeg-elementor-kit jkit-icon-box icon-position-left elementor-animation- jeg_module__1_69f4c5f4b5166\" ><div class=\"jkit-icon-box-wrapper hover-from-left\"><div class=\"icon-box icon-box-header elementor-animation-float\"><div class=\"icon style-color\"><i aria-hidden=\"true\" class=\"jki jki-clinic-medical-solid\"><\/i><\/div><\/div><div class=\"icon-box icon-box-body\">\n                <div class=\"title\">Modern Klinik<\/div><p class=\"icon-box-description\">Tam donan\u0131ml\u0131 ve steril operasyon ortam\u0131<\/p>\n            <\/div>\n            \n            <\/div><\/div>\t\t\t\t<\/div>\n\t\t\t\t<\/div>\n\t\t\t\t<\/div>\n\t\t<div class=\"elementor-element elementor-element-5131e02 e-con-full e-flex e-con e-child\" data-id=\"5131e02\" data-element_type=\"container\">\n\t\t\t\t<div class=\"elementor-element elementor-element-5fcffae jkit-equal-height-disable elementor-widget elementor-widget-jkit_icon_box\" data-id=\"5fcffae\" data-element_type=\"widget\" data-widget_type=\"jkit_icon_box.default\">\n\t\t\t\t<div class=\"elementor-widget-container\">\n\t\t\t\t\t<div  class=\"jeg-elementor-kit jkit-icon-box icon-position-left elementor-animation- jeg_module__2_69f4c5f4b578e\" ><div class=\"jkit-icon-box-wrapper hover-from-left\"><div class=\"icon-box icon-box-header elementor-animation-float\"><div class=\"icon style-color\"><i aria-hidden=\"true\" class=\"jki jki-doctor-light\"><\/i><\/div><\/div><div class=\"icon-box icon-box-body\">\n                <div class=\"title\">S\u00fcrekli Geli\u015fim<\/div><p class=\"icon-box-description\">G\u00fcncel t\u0131bbi yakla\u015f\u0131mlar ve yenilik\u00e7i tedaviler<\/p>\n            <\/div>\n            \n            <\/div><\/div>\t\t\t\t<\/div>\n\t\t\t\t<\/div>\n\t\t\t\t<\/div>\n\t\t\t\t\t<\/div>\n\t\t\t\t<\/div>\n\t\t\t\t<section class=\"elementor-section elementor-top-section elementor-element elementor-element-7d483e2 elementor-section-boxed elementor-section-height-default elementor-section-height-default\" data-id=\"7d483e2\" data-element_type=\"section\" data-settings=\"{&quot;background_background&quot;:&quot;classic&quot;}\">\n\t\t\t\t\t\t\t<div class=\"elementor-background-overlay\"><\/div>\n\t\t\t\t\t\t\t<div class=\"elementor-container elementor-column-gap-default\">\n\t\t\t\t\t<div class=\"elementor-column elementor-col-50 elementor-top-column elementor-element elementor-element-16dc491\" data-id=\"16dc491\" data-element_type=\"column\">\n\t\t\t<div class=\"elementor-widget-wrap elementor-element-populated\">\n\t\t\t\t<div class=\"elementor-element elementor-element-f00c293 e-flex e-con-boxed e-con e-parent\" data-id=\"f00c293\" data-element_type=\"container\">\n\t\t\t\t\t<div class=\"e-con-inner\">\n\t\t\t\t<div class=\"elementor-element elementor-element-e79ad00 elementor-widget elementor-widget-image\" data-id=\"e79ad00\" data-element_type=\"widget\" data-widget_type=\"image.default\">\n\t\t\t\t<div class=\"elementor-widget-container\">\n\t\t\t\t\t\t\t\t\t\t\t\t\t\t\t<img width=\"500\" height=\"534\" src=\"https:\/\/elvanbayraktar.com\/wp-content\/uploads\/2024\/11\/dr-elvan-bayraktar.webp\" class=\"attachment-full size-full wp-image-558\" alt=\"Dr Elvan Bayraktar\" decoding=\"async\" srcset=\"https:\/\/elvanbayraktar.com\/wp-content\/uploads\/2024\/11\/dr-elvan-bayraktar.webp 500w, https:\/\/elvanbayraktar.com\/wp-content\/uploads\/2024\/11\/dr-elvan-bayraktar-281x300.webp 281w, https:\/\/elvanbayraktar.com\/wp-content\/uploads\/2024\/11\/elementor\/thumbs\/dr-elvan-bayraktar-qy9odcfgt1fts00zrnsbr8ciup3qbt8hvjypkxxv5a.webp 250w\" sizes=\"(max-width: 500px) 100vw, 500px\" \/>\t\t\t\t\t\t\t\t\t\t\t\t\t\t\t<\/div>\n\t\t\t\t<\/div>\n\t\t\t\t<div class=\"elementor-element elementor-element-ca0af1b elementor-widget elementor-widget-heading\" data-id=\"ca0af1b\" data-element_type=\"widget\" data-widget_type=\"heading.default\">\n\t\t\t\t<div class=\"elementor-widget-container\">\n\t\t\t\t\t<span class=\"elementor-heading-title elementor-size-default\">Dr. Elvan Bayraktar<\/span>\t\t\t\t<\/div>\n\t\t\t\t<\/div>\n\t\t\t\t<div class=\"elementor-element elementor-element-f7a339b elementor-widget elementor-widget-heading\" data-id=\"f7a339b\" data-element_type=\"widget\" data-widget_type=\"heading.default\">\n\t\t\t\t<div class=\"elementor-widget-container\">\n\t\t\t\t\t<span class=\"elementor-heading-title elementor-size-default\">Aesthetic, Plastic and Reconstructive Surgery Specialist<\/span>\t\t\t\t<\/div>\n\t\t\t\t<\/div>\n\t\t\t\t\t<\/div>\n\t\t\t\t<\/div>\n\t\t<div class=\"elementor-element elementor-element-dbdd85c e-flex e-con-boxed e-con e-parent\" data-id=\"dbdd85c\" data-element_type=\"container\">\n\t\t\t\t\t<div class=\"e-con-inner\">\n\t\t<div class=\"elementor-element elementor-element-8349db5 e-con-full e-flex e-con e-child\" data-id=\"8349db5\" data-element_type=\"container\">\n\t\t\t\t<div class=\"elementor-element elementor-element-9e16558 jkit-equal-height-disable elementor-widget elementor-widget-jkit_icon_box\" data-id=\"9e16558\" data-element_type=\"widget\" data-widget_type=\"jkit_icon_box.default\">\n\t\t\t\t<div class=\"elementor-widget-container\">\n\t\t\t\t\t<div  class=\"jeg-elementor-kit jkit-icon-box icon-position-top elementor-animation- jeg_module__3_69f4c5f4b5d4d\" ><a href=\"tel:+905337287361\" class=\"icon-box-link\" aria-label=\"Learn More\"><div class=\"jkit-icon-box-wrapper hover-from-left\"><div class=\"icon-box icon-box-header elementor-animation-\"><div class=\"icon style-color\"><i aria-hidden=\"true\" class=\"jki jki-phone-line\"><\/i><\/div><\/div><div class=\"icon-box icon-box-body\">\n                <span class=\"title\">+90 533 728 73 61<\/span><p class=\"icon-box-description\">Hemen Aray\u0131n<\/p>\n            <\/div>\n            \n            <\/div><\/a><\/div>\t\t\t\t<\/div>\n\t\t\t\t<\/div>\n\t\t\t\t<\/div>\n\t\t<div class=\"elementor-element elementor-element-20ef4a7 e-con-full e-flex e-con e-child\" data-id=\"20ef4a7\" data-element_type=\"container\">\n\t\t\t\t<div class=\"elementor-element elementor-element-ad6aa42 jkit-equal-height-disable elementor-widget elementor-widget-jkit_icon_box\" data-id=\"ad6aa42\" data-element_type=\"widget\" data-widget_type=\"jkit_icon_box.default\">\n\t\t\t\t<div class=\"elementor-widget-container\">\n\t\t\t\t\t<div  class=\"jeg-elementor-kit jkit-icon-box icon-position-top elementor-animation- jeg_module__4_69f4c5f4b64d3\" ><a href=\"mailto:bilgi@elvanbayraktar.com\" class=\"icon-box-link\" aria-label=\"Learn More\"><div class=\"jkit-icon-box-wrapper hover-from-left\"><div class=\"icon-box icon-box-header elementor-animation-\"><div class=\"icon style-color\"><i aria-hidden=\"true\" class=\"jki jki-mail-line\"><\/i><\/div><\/div><div class=\"icon-box icon-box-body\">\n                <span class=\"title\">bilgi@elvanbayraktar.com<\/span><p class=\"icon-box-description\">E-Posta G\u00f6nderin<\/p>\n            <\/div>\n            \n            <\/div><\/a><\/div>\t\t\t\t<\/div>\n\t\t\t\t<\/div>\n\t\t\t\t<\/div>\n\t\t\t\t\t<\/div>\n\t\t\t\t<\/div>\n\t\t\t\t\t<\/div>\n\t\t<\/div>\n\t\t\t\t<div class=\"elementor-column elementor-col-50 elementor-top-column elementor-element elementor-element-6ecdffc animated-slow elementor-invisible\" data-id=\"6ecdffc\" data-element_type=\"column\" data-settings=\"{&quot;background_background&quot;:&quot;classic&quot;,&quot;animation&quot;:&quot;fadeInRight&quot;}\">\n\t\t\t<div class=\"elementor-widget-wrap elementor-element-populated\">\n\t\t\t\t\t\t<div class=\"elementor-element elementor-element-f363fc6 elementor-widget elementor-widget-heading\" data-id=\"f363fc6\" data-element_type=\"widget\" data-widget_type=\"heading.default\">\n\t\t\t\t<div class=\"elementor-widget-container\">\n\t\t\t\t\t<h3 class=\"elementor-heading-title elementor-size-default\">Make an Appointment<\/h3>\t\t\t\t<\/div>\n\t\t\t\t<\/div>\n\t\t\t\t<div class=\"elementor-element elementor-element-d17d03c elementor-widget elementor-widget-jkit_contact_form_7\" data-id=\"d17d03c\" data-element_type=\"widget\" data-widget_type=\"jkit_contact_form_7.default\">\n\t\t\t\t<div class=\"elementor-widget-container\">\n\t\t\t\t\t<div  class=\"jeg-elementor-kit jkit-contact-form-7 jeg_module__5_69f4c5f4b8787\" >\n<div class=\"wpcf7 no-js\" id=\"wpcf7-f2268-o1\" lang=\"tr-TR\" dir=\"ltr\" data-wpcf7-id=\"2268\">\n<div class=\"screen-reader-response\"><p role=\"status\" aria-live=\"polite\" aria-atomic=\"true\"><\/p> <ul><\/ul><\/div>\n<form action=\"\/en\/wp-json\/wp\/v2\/pages\/905#wpcf7-f2268-o1\" method=\"post\" class=\"wpcf7-form init\" aria-label=\"\u0130leti\u015fim Formu\" novalidate=\"novalidate\" data-status=\"init\">\n<fieldset class=\"hidden-fields-container\"><input type=\"hidden\" name=\"_wpcf7\" value=\"2268\" \/><input type=\"hidden\" name=\"_wpcf7_version\" value=\"6.1.2\" \/><input type=\"hidden\" name=\"_wpcf7_locale\" value=\"tr_TR\" \/><input type=\"hidden\" name=\"_wpcf7_unit_tag\" value=\"wpcf7-f2268-o1\" \/><input type=\"hidden\" name=\"_wpcf7_container_post\" value=\"0\" \/><input type=\"hidden\" name=\"_wpcf7_posted_data_hash\" value=\"\" \/>\n<\/fieldset>\n<div class=\"row\">\n\t<div class=\"form-group col-md-6 mb-4\">\n\t\t<p><span class=\"wpcf7-form-control-wrap\" data-name=\"your-name\"><input size=\"40\" maxlength=\"400\" class=\"wpcf7-form-control wpcf7-text wpcf7-validates-as-required form-control\" id=\"name\" aria-required=\"true\" aria-invalid=\"false\" placeholder=\"Ad\" value=\"\" type=\"text\" name=\"your-name\" \/><\/span>\n\t\t<\/p>\n\t<\/div>\n\t<div class=\"form-group col-md-6 mb-4\">\n\t\t<p><span class=\"wpcf7-form-control-wrap\" data-name=\"your-surname\"><input size=\"40\" maxlength=\"400\" class=\"wpcf7-form-control wpcf7-text wpcf7-validates-as-required form-control\" id=\"namesurname\" aria-required=\"true\" aria-invalid=\"false\" placeholder=\"Soyad\" value=\"\" type=\"text\" name=\"your-surname\" \/><\/span>\n\t\t<\/p>\n\t<\/div>\n\t<div class=\"form-group col-md-6 mb-4\">\n\t\t<p><span class=\"wpcf7-form-control-wrap\" data-name=\"email\"><input size=\"40\" maxlength=\"400\" class=\"wpcf7-form-control wpcf7-email wpcf7-validates-as-required wpcf7-text wpcf7-validates-as-email form-control\" id=\"email\" aria-required=\"true\" aria-invalid=\"false\" placeholder=\"E-posta\" value=\"\" type=\"email\" name=\"email\" \/><\/span>\n\t\t<\/p>\n\t<\/div>\n\t<div class=\"form-group col-md-6 mb-4\">\n\t\t<p><span class=\"wpcf7-form-control-wrap\" data-name=\"phone\"><input size=\"40\" maxlength=\"400\" class=\"wpcf7-form-control wpcf7-text wpcf7-validates-as-required form-control\" id=\"phone\" aria-required=\"true\" aria-invalid=\"false\" placeholder=\"Telefon Numaras\u0131\" value=\"\" type=\"text\" name=\"phone\" \/><\/span>\n\t\t<\/p>\n\t<\/div>\n\t<div class=\"form-group col-md-12 mb-4\">\n\t\t<p><span class=\"wpcf7-form-control-wrap\" data-name=\"textarea-281\"><textarea cols=\"40\" rows=\"10\" maxlength=\"2000\" class=\"wpcf7-form-control wpcf7-textarea wpcf7-validates-as-required\" aria-required=\"true\" aria-invalid=\"false\" placeholder=\"Konu\" name=\"textarea-281\"><\/textarea><\/span>\n\t\t<\/p>\n\t<\/div>\n\t<div class=\"col-md-12 form-btn text-center\">\n\t\t<p><input class=\"wpcf7-form-control wpcf7-submit has-spinner contact-btn\" id=\"msgSubmit\" type=\"submit\" value=\"G\u00f6nder\" \/>\n\t\t<\/p>\n\t<\/div>\n\t<div id=\"bot-verif\">\n\t\t<p><div class=\"cf7-cf-turnstile\" style=\"margin-top: 0px; margin-bottom: -15px;\"> <div id=\"cf-turnstile-cf7-2933107091\" class=\"cf-turnstile\" data-sitekey=\"0x4AAAAAAB5C7Pss2cj77_bL\" data-theme=\"light\" data-language=\"auto\" data-size=\"normal\" data-retry=\"auto\" data-retry-interval=\"1000\" data-action=\"contact-form-7\" data-appearance=\"always\"><\/div> <script>document.addEventListener(\"DOMContentLoaded\", function() { setTimeout(function(){ var e=document.getElementById(\"cf-turnstile-cf7-2933107091\"); e&&!e.innerHTML.trim()&&(turnstile.remove(\"#cf-turnstile-cf7-2933107091\"), turnstile.render(\"#cf-turnstile-cf7-2933107091\", {sitekey:\"0x4AAAAAAB5C7Pss2cj77_bL\"})); }, 0); });<\/script> <br class=\"cf-turnstile-br cf-turnstile-br-cf7-2933107091\"> <style>#cf-turnstile-cf7-2933107091 { margin-left: -15px; }<\/style> <script>document.addEventListener(\"DOMContentLoaded\",function(){document.querySelectorAll('.wpcf7-form').forEach(function(e){e.addEventListener('submit',function(){if(document.getElementById('cf-turnstile-cf7-2933107091')){setTimeout(function(){turnstile.reset('#cf-turnstile-cf7-2933107091');},1000)}})})});<\/script> <\/div>\n\t\t<\/p>\n\t<\/div>\n<\/div><div class=\"wpcf7-response-output\" aria-hidden=\"true\"><\/div>\n<\/form>\n<\/div>\n<\/div>\t\t\t\t<\/div>\n\t\t\t\t<\/div>\n\t\t\t\t\t<\/div>\n\t\t<\/div>\n\t\t\t\t\t<\/div>\n\t\t<\/section>\n\t\t\t\t<\/div>\n\t\t","protected":false},"excerpt":{"rendered":"<p>About me Op. Dr. Elvan Bayraktar Op. Dr. Elvan Bayraktar graduated from Karadeniz Technical University Faculty of Medicine in 1996 and completed her specialty training in Plastic Reconstructive and Aesthetic Surgery at the same university in 2013. With his extensive experience in the aesthetic and reconstructive fields of plastic surgery, he has adopted the principle [&hellip;]<\/p>\n","protected":false},"author":1,"featured_media":0,"parent":0,"menu_order":0,"comment_status":"closed","ping_status":"closed","template":"","meta":{"_acf_changed":false,"footnotes":""},"class_list":["post-905","page","type-page","status-publish","hentry"],"acf":[],"_links":{"self":[{"href":"https:\/\/elvanbayraktar.com\/en\/wp-json\/wp\/v2\/pages\/905","targetHints":{"allow":["GET"]}}],"collection":[{"href":"https:\/\/elvanbayraktar.com\/en\/wp-json\/wp\/v2\/pages"}],"about":[{"href":"https:\/\/elvanbayraktar.com\/en\/wp-json\/wp\/v2\/types\/page"}],"author":[{"embeddable":true,"href":"https:\/\/elvanbayraktar.com\/en\/wp-json\/wp\/v2\/users\/1"}],"replies":[{"embeddable":true,"href":"https:\/\/elvanbayraktar.com\/en\/wp-json\/wp\/v2\/comments?post=905"}],"version-history":[{"count":5,"href":"https:\/\/elvanbayraktar.com\/en\/wp-json\/wp\/v2\/pages\/905\/revisions"}],"predecessor-version":[{"id":2604,"href":"https:\/\/elvanbayraktar.com\/en\/wp-json\/wp\/v2\/pages\/905\/revisions\/2604"}],"wp:attachment":[{"href":"https:\/\/elvanbayraktar.com\/en\/wp-json\/wp\/v2\/media?parent=905"}],"curies":[{"name":"wp","href":"https:\/\/api.w.org\/{rel}","templated":true}]}}