{"id":1807,"date":"2024-12-11T16:21:52","date_gmt":"2024-12-11T13:21:52","guid":{"rendered":"https:\/\/elvanbayraktar.com\/verarbeitung-und-schutz-persoenlicher-daten\/"},"modified":"2026-03-16T09:29:02","modified_gmt":"2026-03-16T06:29:02","slug":"verarbeitung-und-schutz-persoenlicher-daten","status":"publish","type":"page","link":"https:\/\/elvanbayraktar.com\/de\/verarbeitung-und-schutz-persoenlicher-daten\/","title":{"rendered":"Verarbeitung und Schutz pers\u00f6nlicher Daten"},"content":{"rendered":"\t\t<div data-elementor-type=\"wp-page\" data-elementor-id=\"1807\" class=\"elementor elementor-1807 elementor-655\" data-elementor-post-type=\"page\">\n\t\t\t\t<div class=\"elementor-element elementor-element-06277f4 e-flex e-con-boxed e-con e-parent\" data-id=\"06277f4\" data-element_type=\"container\">\n\t\t\t\t\t<div class=\"e-con-inner\">\n\t\t\t\t<div class=\"elementor-element elementor-element-ade6f54 elementor-widget elementor-widget-text-editor\" data-id=\"ade6f54\" data-element_type=\"widget\" data-widget_type=\"text-editor.default\">\n\t\t\t\t<div class=\"elementor-widget-container\">\n\t\t\t\t\t\t\t\t\t<h2 data-pm-slice=\"1 1 []\">Allgemeine Informationen<\/h2><p>Elvan Bayraktar Website (<strong><a href=\"https:\/\/elvanbayraktar.com\/de\/\">https:\/\/elvanbayraktar.com<\/a><\/strong>), sind wir sensibel, was die Verarbeitung und den Schutz der pers\u00f6nlichen Daten unserer Nutzer angeht. Dieses Dokument wurde erstellt, um Sie dar\u00fcber zu informieren, wie Ihre pers\u00f6nlichen Daten im Rahmen des Gesetzes Nr. 6698 zum Schutz personenbezogener Daten (KVKK) verarbeitet, gespeichert und gesch\u00fctzt werden. <\/p><h2>Ihre verarbeiteten pers\u00f6nlichen Daten<\/h2><p>W\u00e4hrend Ihres Besuchs auf unserer Website k\u00f6nnen wir die folgenden personenbezogenen Daten verarbeiten:<\/p><ul data-spread=\"false\"><li><p>Ihr Name und Nachname<\/p><\/li><li><p>Ihre Telefonnummer<\/p><\/li><li><p>Ihre E-Mail Adresse<\/p><\/li><li><p>Ihre IP-Adresse<\/p><\/li><li><p>Informationen zu Ihrem Internet-Browser<\/p><\/li><li><p>Informationen \u00fcber Ihre Besuche auf der Website (besuchte Seiten, Dauer der Besuche)<\/p><\/li><\/ul><h2>Zwecke der Verarbeitung Ihrer pers\u00f6nlichen Daten<\/h2><p>Ihre pers\u00f6nlichen Daten werden f\u00fcr die folgenden Zwecke verarbeitet:<\/p><ul data-spread=\"false\"><li><p>Um Sie \u00fcber medizinische und \u00e4sthetische Dienstleistungen zu informieren<\/p><\/li><li><p>Um die Leistung unserer Website zu verbessern und Ihre Benutzerfreundlichkeit zu erh\u00f6hen<\/p><\/li><li><p>Beantwortung Ihrer Anfragen und Fragen<\/p><\/li><li><p>Um \u00fcber die von uns angebotenen Dienstleistungen zu kommunizieren<\/p><\/li><li><p>Verwendung f\u00fcr statistische und analytische Zwecke<\/p><\/li><\/ul><h2>\u00dcbermittlung Ihrer pers\u00f6nlichen Daten<\/h2><p>Ihre pers\u00f6nlichen Daten werden nicht an Dritte weitergegeben, au\u00dfer in den folgenden F\u00e4llen:<\/p><ul data-spread=\"false\"><li><p>\u00dcbermittlung an autorisierte Institutionen und Organisationen zur Erf\u00fcllung gesetzlicher Verpflichtungen<\/p><\/li><li><p>\u00dcbertragung in begrenztem Umfang mit unseren Dienstleistern (Webhosting, Analysedienste usw.)<\/p><\/li><\/ul><h2>Ma\u00dfnahmen zum Schutz personenbezogener Daten<\/h2><p>Die folgenden Ma\u00dfnahmen werden getroffen, um die Sicherheit Ihrer pers\u00f6nlichen Daten zu gew\u00e4hrleisten:<\/p><ul data-spread=\"false\"><li><p>Sichere Daten\u00fcbertragung mit SSL-Zertifikat<\/p><\/li><li><p>Methoden zur verschl\u00fcsselten Datenspeicherung<\/p><\/li><li><p>Beschr\u00e4nkung des Zugriffs auf pers\u00f6nliche Daten und Kontrolle der Berechtigungen<\/p><\/li><\/ul><h2>Aufbewahrungsfrist f\u00fcr pers\u00f6nliche Daten<\/h2><p>Ihre personenbezogenen Daten werden im Einklang mit den Zwecken, f\u00fcr die sie verarbeitet werden, und unter Ber\u00fccksichtigung der gesetzlichen Aufbewahrungsfristen gespeichert. Ihre Daten werden gel\u00f6scht oder anonymisiert, wenn die Gr\u00fcnde f\u00fcr ihre Speicherung entfallen oder die gesetzlichen Fristen ablaufen. <\/p><h2>Benutzerrechte<\/h2><p>Im Rahmen von KVKK haben Sie die folgenden Rechte in Bezug auf Ihre pers\u00f6nlichen Daten:<\/p><ul data-spread=\"false\"><li><p>Um zu erfahren, ob Ihre pers\u00f6nlichen Daten verarbeitet werden oder nicht<\/p><\/li><li><p>Um zu erfahren, zu welchem Zweck Ihre pers\u00f6nlichen Daten verarbeitet werden und ob sie im Einklang mit diesem Zweck verwendet werden<\/p><\/li><li><p>die Berichtigung personenbezogener Daten im Falle einer unvollst\u00e4ndigen oder unrichtigen Verarbeitung zu verlangen<\/p><\/li><li><p>L\u00f6schung oder Vernichtung Ihrer pers\u00f6nlichen Daten beantragen<\/p><\/li><li><p>Einspruch zu erheben, wenn Ihre pers\u00f6nlichen Daten durch automatisierte Systeme analysiert werden und die Ergebnisse gegen Sie sprechen<\/p><\/li><\/ul><p>Sie k\u00f6nnen uns \u00fcber unsere <a href=\"https:\/\/elvanbayraktar.com\/de\/kontakt\/\">Kontaktseite<\/a> kontaktieren, um diese Rechte auszu\u00fcben.<\/p><h2>Aktualisierungen und \u00c4nderungen<\/h2><p>Wir behalten uns das Recht vor, diesen Informationstext von Zeit zu Zeit zu aktualisieren. Aktualisierungen werden auf unserer Website bekannt gegeben. Es ist wichtig, dass Sie diese Seite regelm\u00e4\u00dfig besuchen, um auf dem Laufenden zu bleiben.  <\/p>\t\t\t\t\t\t\t\t<\/div>\n\t\t\t\t<\/div>\n\t\t\t\t\t<\/div>\n\t\t\t\t<\/div>\n\t\t\t\t<\/div>\n\t\t","protected":false},"excerpt":{"rendered":"<p>Allgemeine Informationen Elvan Bayraktar Website (https:\/\/elvanbayraktar.com), sind wir sensibel, was die Verarbeitung und den Schutz der pers\u00f6nlichen Daten unserer Nutzer angeht. Dieses Dokument wurde erstellt, um Sie dar\u00fcber zu informieren, wie Ihre pers\u00f6nlichen Daten im Rahmen des Gesetzes Nr. 6698 zum Schutz personenbezogener Daten (KVKK) verarbeitet, gespeichert und gesch\u00fctzt werden. Ihre verarbeiteten pers\u00f6nlichen Daten W\u00e4hrend [&hellip;]<\/p>\n","protected":false},"author":1,"featured_media":0,"parent":0,"menu_order":0,"comment_status":"closed","ping_status":"closed","template":"","meta":{"_acf_changed":false,"footnotes":""},"class_list":["post-1807","page","type-page","status-publish","hentry"],"acf":[],"_links":{"self":[{"href":"https:\/\/elvanbayraktar.com\/de\/wp-json\/wp\/v2\/pages\/1807","targetHints":{"allow":["GET"]}}],"collection":[{"href":"https:\/\/elvanbayraktar.com\/de\/wp-json\/wp\/v2\/pages"}],"about":[{"href":"https:\/\/elvanbayraktar.com\/de\/wp-json\/wp\/v2\/types\/page"}],"author":[{"embeddable":true,"href":"https:\/\/elvanbayraktar.com\/de\/wp-json\/wp\/v2\/users\/1"}],"replies":[{"embeddable":true,"href":"https:\/\/elvanbayraktar.com\/de\/wp-json\/wp\/v2\/comments?post=1807"}],"version-history":[{"count":2,"href":"https:\/\/elvanbayraktar.com\/de\/wp-json\/wp\/v2\/pages\/1807\/revisions"}],"predecessor-version":[{"id":2632,"href":"https:\/\/elvanbayraktar.com\/de\/wp-json\/wp\/v2\/pages\/1807\/revisions\/2632"}],"wp:attachment":[{"href":"https:\/\/elvanbayraktar.com\/de\/wp-json\/wp\/v2\/media?parent=1807"}],"curies":[{"name":"wp","href":"https:\/\/api.w.org\/{rel}","templated":true}]}}