{"id":1799,"date":"2024-12-13T14:23:18","date_gmt":"2024-12-13T11:23:18","guid":{"rendered":"https:\/\/elvanbayraktar.com\/datenschutzbestimmungen\/"},"modified":"2026-03-16T09:29:55","modified_gmt":"2026-03-16T06:29:55","slug":"datenschutzbestimmungen","status":"publish","type":"page","link":"https:\/\/elvanbayraktar.com\/de\/datenschutzbestimmungen\/","title":{"rendered":"Datenschutzbestimmungen"},"content":{"rendered":"\t\t<div data-elementor-type=\"wp-page\" data-elementor-id=\"1799\" class=\"elementor elementor-1799 elementor-734\" data-elementor-post-type=\"page\">\n\t\t\t\t<div class=\"elementor-element elementor-element-461c39e e-flex e-con-boxed e-con e-parent\" data-id=\"461c39e\" data-element_type=\"container\">\n\t\t\t\t\t<div class=\"e-con-inner\">\n\t\t\t\t<div class=\"elementor-element elementor-element-f062c46 elementor-widget elementor-widget-text-editor\" data-id=\"f062c46\" data-element_type=\"widget\" data-widget_type=\"text-editor.default\">\n\t\t\t\t<div class=\"elementor-widget-container\">\n\t\t\t\t\t\t\t\t\t<h2 data-pm-slice=\"1 1 []\">Allgemeine Informationen<\/h2><p>Elvan Bayraktar Website (<a href=\"https:\/\/elvanbayraktar.com\/de\/\"><b>https:\/\/elvanbayraktar.com<\/b><\/a>), legen wir gro\u00dfen Wert auf den Schutz der pers\u00f6nlichen Daten unserer Nutzer. In dieser Datenschutzerkl\u00e4rung wird erl\u00e4utert, wie wir Ihre pers\u00f6nlichen Daten sammeln, verwenden und sch\u00fctzen, wenn Sie unsere Website besuchen oder uns kontaktieren. <\/p><h2>Pers\u00f6nliche Daten, die wir sammeln<\/h2><p>Auf unserer Website k\u00f6nnen wir die folgenden personenbezogenen Daten von unseren Nutzern erfassen:<\/p><ul data-spread=\"false\"><li><p>Name, Nachname<\/p><\/li><li><p>Telefon Nummer<\/p><\/li><li><p>E-Mail Adresse<\/p><\/li><li><p>IP-Adresse<\/p><\/li><li><p>Informationen zum Scanner<\/p><\/li><li><p>Informationen zum Besuch der Website (Besuchsdaten, besuchte Seiten)<\/p><\/li><\/ul><p>Diese Daten werden gesammelt, um die Erfahrung unserer Nutzer zu verbessern, unsere Dienste zu verbessern und ihre Kommunikationsbed\u00fcrfnisse zu erf\u00fcllen.<\/p><h2>Verwendungszwecke der pers\u00f6nlichen Daten<\/h2><p>Wir verwenden die gesammelten personenbezogenen Daten f\u00fcr die folgenden Zwecke:<\/p><ul data-spread=\"false\"><li><p>Um Ihre Anfragen und Fragen zu beantworten<\/p><\/li><li><p>Um die Qualit\u00e4t unserer Dienste zu verbessern und die Benutzerfreundlichkeit zu erh\u00f6hen<\/p><\/li><li><p>Personalisierung der Inhalte auf der Website und deren Pr\u00e4sentation speziell f\u00fcr den Benutzer<\/p><\/li><li><p>Statistische Analysen durchf\u00fchren und die Leistung der Website messen<\/p><\/li><\/ul><h2>Schutz von pers\u00f6nlichen Daten<\/h2><p>Wir ergreifen alle notwendigen technischen und administrativen Ma\u00dfnahmen, um die Sicherheit Ihrer pers\u00f6nlichen Daten zu gew\u00e4hrleisten. Ihre Daten sind gegen unbefugten Zugriff, \u00c4nderung und L\u00f6schung gesch\u00fctzt. <\/p><p>Unsere Sicherheitsma\u00dfnahmen umfassen:<\/p><ul data-spread=\"false\"><li><p>Verwendung eines SSL-Zertifikats<\/p><\/li><li><p>Methoden zur Datenverschl\u00fcsselung<\/p><\/li><li><p>Begrenzte Autorisierung und Zugangskontrolle<\/p><\/li><\/ul><h2>Weitergabe an Dritte<\/h2><p>Wir geben Ihre pers\u00f6nlichen Daten nicht an Dritte weiter, au\u00dfer in den folgenden F\u00e4llen:<\/p><ul data-spread=\"false\"><li><p>Weitergabe an autorisierte Institutionen gem\u00e4\u00df der gesetzlichen Verpflichtung<\/p><\/li><li><p>Begrenzte gemeinsame Nutzung mit Dienstleistern (Hosting, Analysetools usw.)<\/p><\/li><\/ul><p>Die gemeinsam genutzten Daten werden nur f\u00fcr die Erbringung von Dienstleistungen verwendet und nicht f\u00fcr andere Zwecke genutzt.<\/p><h2>Cookies<\/h2><p>Unsere Website verwendet Cookies, um die Benutzerfreundlichkeit zu verbessern und unsere Website effizienter zu gestalten. Weitere Informationen \u00fcber Cookies finden Sie in unserer Cookie-Richtlinie. <\/p><h2>Benutzerrechte<\/h2><p>Im Rahmen des Gesetzes Nr. 6698 \u00fcber den Schutz personenbezogener Daten (KVKK) haben Sie die folgenden Rechte:<\/p><ul data-spread=\"false\"><li><p>Um zu erfahren, ob Ihre pers\u00f6nlichen Daten verarbeitet werden oder nicht<\/p><\/li><li><p>Informationen \u00fcber Ihre verarbeiteten pers\u00f6nlichen Daten anfordern<\/p><\/li><li><p>Um zu erfahren, zu welchem Zweck personenbezogene Daten verarbeitet werden und ob sie in \u00dcbereinstimmung mit diesem Zweck verwendet werden<\/p><\/li><li><p>die Berichtigung Ihrer pers\u00f6nlichen Daten im Falle einer unvollst\u00e4ndigen oder falschen Verarbeitung zu verlangen<\/p><\/li><li><p>L\u00f6schung oder Vernichtung Ihrer pers\u00f6nlichen Daten beantragen<\/p><\/li><li><p>Einspruch gegen das Eintreten eines Ergebnisses gegen Sie infolge der Analyse der verarbeiteten Daten durch automatisierte Systeme<\/p><\/li><\/ul><p>Sie k\u00f6nnen uns \u00fcber unsere <a href=\"https:\/\/elvanbayraktar.com\/de\/kontakt\/\">Kontaktseite<\/a> kontaktieren, um Ihre Rechte auszu\u00fcben.<\/p><h2>Aktualisierungen der Datenschutzbestimmungen<\/h2><p>Wir behalten uns das Recht vor, diese Datenschutzrichtlinie regelm\u00e4\u00dfig zu aktualisieren. Wenn Aktualisierungen vorgenommen werden, werden sie am Ende unserer Richtlinie unter Angabe des Aktualisierungsdatums ver\u00f6ffentlicht. Wir empfehlen Ihnen, diese Seite regelm\u00e4\u00dfig zu besuchen, um sich \u00fcber die neuesten Informationen zu informieren.  <\/p>\t\t\t\t\t\t\t\t<\/div>\n\t\t\t\t<\/div>\n\t\t\t\t\t<\/div>\n\t\t\t\t<\/div>\n\t\t\t\t<\/div>\n\t\t","protected":false},"excerpt":{"rendered":"<p>Allgemeine Informationen Elvan Bayraktar Website (https:\/\/elvanbayraktar.com), legen wir gro\u00dfen Wert auf den Schutz der pers\u00f6nlichen Daten unserer Nutzer. In dieser Datenschutzerkl\u00e4rung wird erl\u00e4utert, wie wir Ihre pers\u00f6nlichen Daten sammeln, verwenden und sch\u00fctzen, wenn Sie unsere Website besuchen oder uns kontaktieren. Pers\u00f6nliche Daten, die wir sammeln Auf unserer Website k\u00f6nnen wir die folgenden personenbezogenen Daten von [&hellip;]<\/p>\n","protected":false},"author":1,"featured_media":0,"parent":0,"menu_order":0,"comment_status":"closed","ping_status":"closed","template":"","meta":{"_acf_changed":false,"footnotes":""},"class_list":["post-1799","page","type-page","status-publish","hentry"],"acf":[],"_links":{"self":[{"href":"https:\/\/elvanbayraktar.com\/de\/wp-json\/wp\/v2\/pages\/1799","targetHints":{"allow":["GET"]}}],"collection":[{"href":"https:\/\/elvanbayraktar.com\/de\/wp-json\/wp\/v2\/pages"}],"about":[{"href":"https:\/\/elvanbayraktar.com\/de\/wp-json\/wp\/v2\/types\/page"}],"author":[{"embeddable":true,"href":"https:\/\/elvanbayraktar.com\/de\/wp-json\/wp\/v2\/users\/1"}],"replies":[{"embeddable":true,"href":"https:\/\/elvanbayraktar.com\/de\/wp-json\/wp\/v2\/comments?post=1799"}],"version-history":[{"count":5,"href":"https:\/\/elvanbayraktar.com\/de\/wp-json\/wp\/v2\/pages\/1799\/revisions"}],"predecessor-version":[{"id":2636,"href":"https:\/\/elvanbayraktar.com\/de\/wp-json\/wp\/v2\/pages\/1799\/revisions\/2636"}],"wp:attachment":[{"href":"https:\/\/elvanbayraktar.com\/de\/wp-json\/wp\/v2\/media?parent=1799"}],"curies":[{"name":"wp","href":"https:\/\/api.w.org\/{rel}","templated":true}]}}