{"id":1796,"date":"2024-12-13T14:26:06","date_gmt":"2024-12-13T11:26:06","guid":{"rendered":"https:\/\/elvanbayraktar.com\/nutzungsbedingungen\/"},"modified":"2026-03-16T09:29:20","modified_gmt":"2026-03-16T06:29:20","slug":"nutzungsbedingungen","status":"publish","type":"page","link":"https:\/\/elvanbayraktar.com\/de\/nutzungsbedingungen\/","title":{"rendered":"Nutzungsbedingungen"},"content":{"rendered":"\t\t<div data-elementor-type=\"wp-page\" data-elementor-id=\"1796\" class=\"elementor elementor-1796 elementor-740\" data-elementor-post-type=\"page\">\n\t\t\t\t<div class=\"elementor-element elementor-element-4317d00 e-flex e-con-boxed e-con e-parent\" data-id=\"4317d00\" data-element_type=\"container\">\n\t\t\t\t\t<div class=\"e-con-inner\">\n\t\t\t\t<div class=\"elementor-element elementor-element-d0ebb8a elementor-widget elementor-widget-text-editor\" data-id=\"d0ebb8a\" data-element_type=\"widget\" data-widget_type=\"text-editor.default\">\n\t\t\t\t<div class=\"elementor-widget-container\">\n\t\t\t\t\t\t\t\t\t<h2 data-pm-slice=\"1 1 []\">Allgemeine Informationen<\/h2><p>Willkommen auf der Website von Elvan Bayraktar<a href=\"https:\/\/elvanbayraktar.com\/de\/\">(https:\/\/elvanbayraktar.com)<\/a>. Durch den Besuch dieser Website erkl\u00e4ren Sie sich mit den folgenden Nutzungsbedingungen einverstanden. Lesen Sie die Bedingungen sorgf\u00e4ltig durch. Wenn Sie die Website weiterhin besuchen, wird davon ausgegangen, dass Sie diese Bedingungen akzeptieren. Wenn Sie damit nicht einverstanden sind, nutzen Sie unsere Website bitte nicht.<\/p><h2>Inhalt der Website<\/h2><p>Elvan Bayraktar Website,  <strong>Op. Dr. Elvan Bayraktar<\/strong>  Der Inhalt bietet Informationen zu den Bereichen \u00e4sthetische Chirurgie, plastische und rekonstruktive Chirurgie. Diese Inhalte dienen nur zu Informationszwecken und sind kein Ersatz f\u00fcr eine professionelle medizinische Beratung. Weitere Informationen zu den Behandlungsverfahren finden Sie auf <a href=\"https:\/\/elvanbayraktar.com\/tedavilerimiz\/\">unserer Behandlungsseite<\/a>.<\/p><h2>Rechte an geistigem Eigentum<\/h2><p>Alle Inhalte (Texte, Bilder, Videos, etc.) auf der Website geh\u00f6ren Elvan Bayraktar und sind urheberrechtlich gesch\u00fctzt. Die unbefugte Nutzung dieser Inhalte ist verboten. Bitte setzen Sie sich \u00fcber die <a href=\"https:\/\/elvanbayraktar.com\/de\/kontakt\/\">Kontaktseite<\/a> mit uns in Verbindung, um die Inhalte der Website zu verwenden oder zu nutzen.<\/p><h2>Links von Dritten<\/h2><p>Unsere Website kann zum Nutzen unserer Nutzer Links zu anderen Websites enthalten. Wir haben keine Kontrolle \u00fcber diese Links. Wir \u00fcbernehmen daher keine Verantwortung f\u00fcr den Inhalt der Websites, auf die wir verlinken.<\/p><h2>Verantwortlichkeiten der Benutzer<\/h2><p>Sie k\u00f6nnen die Inhalte unserer Website zu pers\u00f6nlichen Informationszwecken nutzen. Das Kopieren, Ver\u00e4ndern oder Verbreiten dieser Inhalte zu kommerziellen Zwecken ist streng verboten. Die Benutzer tragen jegliche rechtliche Verantwortung bei der Nutzung unserer Website.<\/p><h2>Privatsph\u00e4re und Datenschutz<\/h2><p>Der Schutz Ihrer pers\u00f6nlichen Daten ist f\u00fcr uns wichtig. Ausf\u00fchrliche Informationen \u00fcber unsere Datenschutzpraktiken finden Sie auf unseren Seiten <a href=\"https:\/\/elvanbayraktar.com\/de\/datenschutzbestimmungen\/\">zum Datenschutz<\/a> und zur <a href=\"https:\/\/elvanbayraktar.com\/de\/verarbeitung-und-schutz-persoenlicher-daten\/\">Verarbeitung und zum Schutz personenbezogener Daten<\/a>.<\/p><h2>\u00c4nderungen und Aktualisierungen<\/h2><p>Wir behalten uns das Recht vor, diese Nutzungsbedingungen von Zeit zu Zeit zu aktualisieren. \u00c4nderungen werden wirksam, sobald sie auf der Website ver\u00f6ffentlicht werden. Wir empfehlen Ihnen, diese Seite regelm\u00e4\u00dfig zu besuchen, um auf dem neuesten Stand zu bleiben.<\/p><h2>Rechtsstreitigkeiten<\/h2><p>Jede Streitigkeit, die sich aus diesen Nutzungsbedingungen ergibt, unterliegt den Gesetzen der Republik T\u00fcrkei. Istanbuler Gerichte und Vollstreckungs\u00e4mter sind zur Beilegung von Streitigkeiten befugt.<\/p><h2>Kontakt<\/h2><p>Wenn Sie Fragen zu diesen Nutzungsbedingungen haben, k\u00f6nnen Sie uns \u00fcber unsere <a href=\"https:\/\/elvanbayraktar.com\/de\/kontakt\/\">Kontaktseite<\/a> kontaktieren.<\/p>\t\t\t\t\t\t\t\t<\/div>\n\t\t\t\t<\/div>\n\t\t\t\t\t<\/div>\n\t\t\t\t<\/div>\n\t\t\t\t<\/div>\n\t\t","protected":false},"excerpt":{"rendered":"<p>Allgemeine Informationen Willkommen auf der Website von Elvan Bayraktar(https:\/\/elvanbayraktar.com). Durch den Besuch dieser Website erkl\u00e4ren Sie sich mit den folgenden Nutzungsbedingungen einverstanden. Lesen Sie die Bedingungen sorgf\u00e4ltig durch. Wenn Sie die Website weiterhin besuchen, wird davon ausgegangen, dass Sie diese Bedingungen akzeptieren. Wenn Sie damit nicht einverstanden sind, nutzen Sie unsere Website bitte nicht. Inhalt [&hellip;]<\/p>\n","protected":false},"author":1,"featured_media":0,"parent":0,"menu_order":0,"comment_status":"closed","ping_status":"closed","template":"","meta":{"_acf_changed":false,"footnotes":""},"class_list":["post-1796","page","type-page","status-publish","hentry"],"acf":[],"_links":{"self":[{"href":"https:\/\/elvanbayraktar.com\/de\/wp-json\/wp\/v2\/pages\/1796","targetHints":{"allow":["GET"]}}],"collection":[{"href":"https:\/\/elvanbayraktar.com\/de\/wp-json\/wp\/v2\/pages"}],"about":[{"href":"https:\/\/elvanbayraktar.com\/de\/wp-json\/wp\/v2\/types\/page"}],"author":[{"embeddable":true,"href":"https:\/\/elvanbayraktar.com\/de\/wp-json\/wp\/v2\/users\/1"}],"replies":[{"embeddable":true,"href":"https:\/\/elvanbayraktar.com\/de\/wp-json\/wp\/v2\/comments?post=1796"}],"version-history":[{"count":5,"href":"https:\/\/elvanbayraktar.com\/de\/wp-json\/wp\/v2\/pages\/1796\/revisions"}],"predecessor-version":[{"id":2633,"href":"https:\/\/elvanbayraktar.com\/de\/wp-json\/wp\/v2\/pages\/1796\/revisions\/2633"}],"wp:attachment":[{"href":"https:\/\/elvanbayraktar.com\/de\/wp-json\/wp\/v2\/media?parent=1796"}],"curies":[{"name":"wp","href":"https:\/\/api.w.org\/{rel}","templated":true}]}}