{"id":1782,"date":"2024-11-15T07:40:05","date_gmt":"2024-11-15T04:40:05","guid":{"rendered":"https:\/\/elvanbayraktar.com\/haeufig-gestellte-fragen\/"},"modified":"2026-03-16T09:30:13","modified_gmt":"2026-03-16T06:30:13","slug":"haeufig-gestellte-fragen","status":"publish","type":"page","link":"https:\/\/elvanbayraktar.com\/de\/haeufig-gestellte-fragen\/","title":{"rendered":"H\u00e4ufig gestellte Fragen"},"content":{"rendered":"\t\t<div data-elementor-type=\"wp-page\" data-elementor-id=\"1782\" class=\"elementor elementor-1782 elementor-271\" data-elementor-post-type=\"page\">\n\t\t\t\t\t\t<section class=\"elementor-section elementor-top-section elementor-element elementor-element-70831047 elementor-section-content-middle elementor-section-boxed elementor-section-height-default elementor-section-height-default\" data-id=\"70831047\" data-element_type=\"section\">\n\t\t\t\t\t\t\t<div class=\"elementor-background-overlay\"><\/div>\n\t\t\t\t\t\t\t<div class=\"elementor-container elementor-column-gap-default\">\n\t\t\t\t\t<div class=\"elementor-column elementor-col-50 elementor-top-column elementor-element elementor-element-24111a2 elementor-hidden-phone\" data-id=\"24111a2\" data-element_type=\"column\">\n\t\t\t<div class=\"elementor-widget-wrap elementor-element-populated\">\n\t\t\t\t\t\t<div class=\"elementor-element elementor-element-68d08e2b elementor-widget elementor-widget-image\" data-id=\"68d08e2b\" data-element_type=\"widget\" data-widget_type=\"image.default\">\n\t\t\t\t<div class=\"elementor-widget-container\">\n\t\t\t\t\t\t\t\t\t\t\t\t\t\t\t<img decoding=\"async\" src=\"https:\/\/elvanbayraktar.com\/wp-content\/uploads\/elementor\/thumbs\/elvan-bayraktar2-qx4w2dxbgqy2fnl8m4bqlyyoprpmka53cahpcdj25s.jpg\" title=\"Op. Dr. Elvan Bayraktar\" alt=\"Op. Dr. Elvan Bayraktar\" loading=\"lazy\" \/>\t\t\t\t\t\t\t\t\t\t\t\t\t\t\t<\/div>\n\t\t\t\t<\/div>\n\t\t\t\t<div class=\"elementor-element elementor-element-27adcb6c elementor-widget__width-initial elementor-absolute elementor-hidden-phone animated-slow elementor-invisible elementor-widget elementor-widget-jkit_fun_fact\" data-id=\"27adcb6c\" data-element_type=\"widget\" data-settings=\"{&quot;_position&quot;:&quot;absolute&quot;,&quot;_animation&quot;:&quot;fadeInUp&quot;}\" data-widget_type=\"jkit_fun_fact.default\">\n\t\t\t\t<div class=\"elementor-widget-container\">\n\t\t\t\t\t<div  class=\"jeg-elementor-kit jkit-fun-fact align-center hover-from-left elementor-animation- jeg_module___69f4cbaeca894\" ><div class=fun-fact-inner><div class=\"icon elementor-animation-\"><i aria-hidden=\"true\" class=\"jki jki-stethoscope-light\"><\/i><\/div>\n            <div class=\"content\">\n                <div class=\"number-wrapper\"><span class=\"prefix\"><\/span>\n        <span class=\"number\" data-value=\"1452 \" data-animation-duration=\"3500\">0<\/span>\n        <span class=\"suffix\">+<\/span><\/div>\n                <h2 class=\"title\">Mutlu Hasta<\/h2>\n            <\/div>\n        <\/div><\/div>\t\t\t\t<\/div>\n\t\t\t\t<\/div>\n\t\t\t\t\t<\/div>\n\t\t<\/div>\n\t\t\t\t<div class=\"elementor-column elementor-col-50 elementor-top-column elementor-element elementor-element-5ecb5059\" data-id=\"5ecb5059\" data-element_type=\"column\">\n\t\t\t<div class=\"elementor-widget-wrap elementor-element-populated\">\n\t\t\t\t\t\t<div class=\"elementor-element elementor-element-6d3608aa animated-slow elementor-invisible elementor-widget elementor-widget-heading\" data-id=\"6d3608aa\" data-element_type=\"widget\" data-settings=\"{&quot;_animation&quot;:&quot;fadeInRight&quot;}\" data-widget_type=\"heading.default\">\n\t\t\t\t<div class=\"elementor-widget-container\">\n\t\t\t\t\t<div class=\"elementor-heading-title elementor-size-default\">H\u00e4ufig gestellte Fragen<\/div>\t\t\t\t<\/div>\n\t\t\t\t<\/div>\n\t\t\t\t<div class=\"elementor-element elementor-element-27568fc7 elementor-widget elementor-widget-heading\" data-id=\"27568fc7\" data-element_type=\"widget\" data-widget_type=\"heading.default\">\n\t\t\t\t<div class=\"elementor-widget-container\">\n\t\t\t\t\t<h2 class=\"elementor-heading-title elementor-size-default\">Wir haben die neugierigsten Fragen beantwortet!<\/h2>\t\t\t\t<\/div>\n\t\t\t\t<\/div>\n\t\t\t\t<div class=\"elementor-element elementor-element-2aaeb5e4 elementor-widget elementor-widget-text-editor\" data-id=\"2aaeb5e4\" data-element_type=\"widget\" data-widget_type=\"text-editor.default\">\n\t\t\t\t<div class=\"elementor-widget-container\">\n\t\t\t\t\t\t\t\t\t<p>Wenn Sie unten keine Antwort auf Ihre Neugierde gefunden haben, vergessen Sie nicht, uns \u00fcber unsere Kommunikationskan\u00e4le zu fragen.<\/p>\t\t\t\t\t\t\t\t<\/div>\n\t\t\t\t<\/div>\n\t\t\t\t<div class=\"elementor-element elementor-element-5d58227 elementor-widget elementor-widget-jkit_accordion\" data-id=\"5d58227\" data-element_type=\"widget\" data-widget_type=\"jkit_accordion.default\">\n\t\t\t\t<div class=\"elementor-widget-container\">\n\t\t\t\t\t<div  class=\"jeg-elementor-kit jkit-accordion style-shadow jeg_module__1_69f4cbaed1151\" ><div class=\"card-wrapper expand\">\n                <div class=\"card-header\">\n                    <a href=\"#expand-8fab880\" class=\"card-header-button\" aria-expanded=\"false\" data-target=\"#expand-8fab880\" aria-controls=\"expand-8fab880\">\n                        <span class=\"title\">Dr. Elvan Bayraktar Kimdir?<\/span><div class=\"right-icon-group\">\n                <div class=\"normal-icon\"><svg aria-hidden=\"true\" class=\"e-font-icon-svg e-fas-chevron-down\" viewBox=\"0 0 448 512\" xmlns=\"http:\/\/www.w3.org\/2000\/svg\"><path d=\"M207.029 381.476L12.686 187.132c-9.373-9.373-9.373-24.569 0-33.941l22.667-22.667c9.357-9.357 24.522-9.375 33.901-.04L224 284.505l154.745-154.021c9.379-9.335 24.544-9.317 33.901.04l22.667 22.667c9.373 9.373 9.373 24.569 0 33.941L240.971 381.476c-9.373 9.372-24.569 9.372-33.942 0z\"><\/path><\/svg><\/div>\n                <div class=\"active-icon\"><svg aria-hidden=\"true\" class=\"e-font-icon-svg e-fas-chevron-up\" viewBox=\"0 0 448 512\" xmlns=\"http:\/\/www.w3.org\/2000\/svg\"><path d=\"M240.971 130.524l194.343 194.343c9.373 9.373 9.373 24.569 0 33.941l-22.667 22.667c-9.357 9.357-24.522 9.375-33.901.04L224 227.495 69.255 381.516c-9.379 9.335-24.544 9.317-33.901-.04l-22.667-22.667c-9.373-9.373-9.373-24.569 0-33.941L207.03 130.525c9.372-9.373 24.568-9.373 33.941-.001z\"><\/path><\/svg><\/div>\n            <\/div>\n                    <\/a>\n                <\/div>\n                <div class=\"card-expand\" id=\"expand-8fab880\" style=\"display:block\"><div class=\"card-body\"><p data-pm-slice=\"1 1 []\"><a href=\"https:\/\/elvanbayraktar.com\/\"><strong>Dr. Elvan Bayraktar<\/strong><\/a>, Trabzon do\u011fumlu bir plastik cerraht\u0131r. 1990 y\u0131l\u0131nda Karadeniz Teknik \u00dcniversitesi T\u0131p Fak\u00fcltesi'nden mezun olmu\u015f ve Plastik Rekonstr\u00fcktif ve Estetik Cerrahi alan\u0131nda uzmanl\u0131\u011f\u0131n\u0131 tamamlam\u0131\u015ft\u0131r. \u0130stanbul Ni\u015fanta\u015f\u0131'nda kendi klini\u011finde hizmet vermektedir.<\/p><\/div><\/div>\n            <\/div><div class=\"card-wrapper \">\n                <div class=\"card-header\">\n                    <a href=\"#expand-34c3ab0\" class=\"card-header-button\" aria-expanded=\"false\" data-target=\"#expand-34c3ab0\" aria-controls=\"expand-34c3ab0\">\n                        <span class=\"title\">Dr. Elvan Bayraktar&#039;\u0131n Uzmanl\u0131k Alanlar\u0131 Nelerdir?<\/span><div class=\"right-icon-group\">\n                <div class=\"normal-icon\"><svg aria-hidden=\"true\" class=\"e-font-icon-svg e-fas-chevron-down\" viewBox=\"0 0 448 512\" xmlns=\"http:\/\/www.w3.org\/2000\/svg\"><path d=\"M207.029 381.476L12.686 187.132c-9.373-9.373-9.373-24.569 0-33.941l22.667-22.667c9.357-9.357 24.522-9.375 33.901-.04L224 284.505l154.745-154.021c9.379-9.335 24.544-9.317 33.901.04l22.667 22.667c9.373 9.373 9.373 24.569 0 33.941L240.971 381.476c-9.373 9.372-24.569 9.372-33.942 0z\"><\/path><\/svg><\/div>\n                <div class=\"active-icon\"><svg aria-hidden=\"true\" class=\"e-font-icon-svg e-fas-chevron-up\" viewBox=\"0 0 448 512\" xmlns=\"http:\/\/www.w3.org\/2000\/svg\"><path d=\"M240.971 130.524l194.343 194.343c9.373 9.373 9.373 24.569 0 33.941l-22.667 22.667c-9.357 9.357-24.522 9.375-33.901.04L224 227.495 69.255 381.516c-9.379 9.335-24.544 9.317-33.901-.04l-22.667-22.667c-9.373-9.373-9.373-24.569 0-33.941L207.03 130.525c9.372-9.373 24.568-9.373 33.941-.001z\"><\/path><\/svg><\/div>\n            <\/div>\n                    <\/a>\n                <\/div>\n                <div class=\"card-expand\" id=\"expand-34c3ab0\" style=\"display:none\"><div class=\"card-body\"><p data-pm-slice=\"1 3 []\">Dr. Elvan Bayraktar'\u0131n uzmanl\u0131k alanlar\u0131 a\u015fa\u011f\u0131daki gibidir:<\/p><ul data-spread=\"false\"><li><p>Estetik Y\u00fcz Cerrahisi<\/p><\/li><li><p>Burun Esteti\u011fi (Rinoplasti)<\/p><\/li><li><p>V\u00fccut \u015eekillendirme<\/p><\/li><li><p>Estetik Meme Cerrahisi<\/p><\/li><li><p>Sa\u00e7 Ekimi<\/p><\/li><\/ul><\/div><\/div>\n            <\/div><div class=\"card-wrapper \">\n                <div class=\"card-header\">\n                    <a href=\"#expand-356f3d2\" class=\"card-header-button\" aria-expanded=\"false\" data-target=\"#expand-356f3d2\" aria-controls=\"expand-356f3d2\">\n                        <span class=\"title\">Elvan Bayraktar Hangi Hastanede Ameliyat Yap\u0131yor?<\/span><div class=\"right-icon-group\">\n                <div class=\"normal-icon\"><svg aria-hidden=\"true\" class=\"e-font-icon-svg e-fas-chevron-down\" viewBox=\"0 0 448 512\" xmlns=\"http:\/\/www.w3.org\/2000\/svg\"><path d=\"M207.029 381.476L12.686 187.132c-9.373-9.373-9.373-24.569 0-33.941l22.667-22.667c9.357-9.357 24.522-9.375 33.901-.04L224 284.505l154.745-154.021c9.379-9.335 24.544-9.317 33.901.04l22.667 22.667c9.373 9.373 9.373 24.569 0 33.941L240.971 381.476c-9.373 9.372-24.569 9.372-33.942 0z\"><\/path><\/svg><\/div>\n                <div class=\"active-icon\"><svg aria-hidden=\"true\" class=\"e-font-icon-svg e-fas-chevron-up\" viewBox=\"0 0 448 512\" xmlns=\"http:\/\/www.w3.org\/2000\/svg\"><path d=\"M240.971 130.524l194.343 194.343c9.373 9.373 9.373 24.569 0 33.941l-22.667 22.667c-9.357 9.357-24.522 9.375-33.901.04L224 227.495 69.255 381.516c-9.379 9.335-24.544 9.317-33.901-.04l-22.667-22.667c-9.373-9.373-9.373-24.569 0-33.941L207.03 130.525c9.372-9.373 24.568-9.373 33.941-.001z\"><\/path><\/svg><\/div>\n            <\/div>\n                    <\/a>\n                <\/div>\n                <div class=\"card-expand\" id=\"expand-356f3d2\" style=\"display:none\"><div class=\"card-body\"><p data-pm-slice=\"1 1 []\">Dr. Elvan Bayraktar, ameliyatlar\u0131n\u0131 \u0130stanbul \u015ei\u015fli'deki kendi klini\u011finde ger\u00e7ekle\u015ftirmektedir. Klinik adresi: <a href=\"https:\/\/www.google.com\/maps?rlz=1C1GCEA_enTR1129TR1129&amp;um=1&amp;ie=UTF-8&amp;fb=1&amp;gl=tr&amp;sa=X&amp;geocode=KaHb3sANt8oUMX7cXStBzF_h&amp;daddr=Vali+Kona%C4%9F%C4%B1+Cd,+%C5%9Eht.+Erdem+Canba%C5%9F+Sk.+No:45+Apt.+K:1+D:2,+34363+%C5%9Ei%C5%9Fli\/%C4%B0stanbul\" target=\"_blank\" rel=\"noopener\">Vali Kona\u011f\u0131 Cd, \u015eht. Erdem Canba\u015f Sk. No:45 Apt. K:1 D:2, 34363 \u015ei\u015fli\/\u0130stanbul<\/a><\/p><\/div><\/div>\n            <\/div><div class=\"card-wrapper \">\n                <div class=\"card-header\">\n                    <a href=\"#expand-e457e03\" class=\"card-header-button\" aria-expanded=\"false\" data-target=\"#expand-e457e03\" aria-controls=\"expand-e457e03\">\n                        <span class=\"title\">Dr. Elvan Bayraktar Sosyal Medya Hesaplar\u0131 Nelerdir?<\/span><div class=\"right-icon-group\">\n                <div class=\"normal-icon\"><svg aria-hidden=\"true\" class=\"e-font-icon-svg e-fas-chevron-down\" viewBox=\"0 0 448 512\" xmlns=\"http:\/\/www.w3.org\/2000\/svg\"><path d=\"M207.029 381.476L12.686 187.132c-9.373-9.373-9.373-24.569 0-33.941l22.667-22.667c9.357-9.357 24.522-9.375 33.901-.04L224 284.505l154.745-154.021c9.379-9.335 24.544-9.317 33.901.04l22.667 22.667c9.373 9.373 9.373 24.569 0 33.941L240.971 381.476c-9.373 9.372-24.569 9.372-33.942 0z\"><\/path><\/svg><\/div>\n                <div class=\"active-icon\"><svg aria-hidden=\"true\" class=\"e-font-icon-svg e-fas-chevron-up\" viewBox=\"0 0 448 512\" xmlns=\"http:\/\/www.w3.org\/2000\/svg\"><path d=\"M240.971 130.524l194.343 194.343c9.373 9.373 9.373 24.569 0 33.941l-22.667 22.667c-9.357 9.357-24.522 9.375-33.901.04L224 227.495 69.255 381.516c-9.379 9.335-24.544 9.317-33.901-.04l-22.667-22.667c-9.373-9.373-9.373-24.569 0-33.941L207.03 130.525c9.372-9.373 24.568-9.373 33.941-.001z\"><\/path><\/svg><\/div>\n            <\/div>\n                    <\/a>\n                <\/div>\n                <div class=\"card-expand\" id=\"expand-e457e03\" style=\"display:none\"><div class=\"card-body\"><p data-pm-slice=\"1 1 []\">Dr. Elvan Bayraktar'\u0131n aktif olarak kulland\u0131\u011f\u0131 sosyal medya hesaplar\u0131 aras\u0131nda <a href=\"https:\/\/www.facebook.com\/Dr.ElvanBayraktar\" target=\"_blank\" rel=\"noopener\"><strong>Facebook<\/strong><\/a>, <a href=\"https:\/\/www.instagram.com\/drelvanbayraktar\/\" target=\"_blank\" rel=\"noopener\">Instagram<\/a> ve <a href=\"https:\/\/www.youtube.com\/@drelvanbayraktar7987\" target=\"_blank\" rel=\"noopener\">Youtube<\/a> bulunmaktad\u0131r. Di\u011fer sosyal medya hesaplar\u0131 ve g\u00fcncel payla\u015f\u0131mlar\u0131 i\u00e7in resmi web sitesini ziyaret edebilirsiniz.<\/p><\/div><\/div>\n            <\/div><div class=\"card-wrapper \">\n                <div class=\"card-header\">\n                    <a href=\"#expand-55c9a0b\" class=\"card-header-button\" aria-expanded=\"false\" data-target=\"#expand-55c9a0b\" aria-controls=\"expand-55c9a0b\">\n                        <span class=\"title\">Dr. Elvan Bayraktar Muayene \u00dccreti Ne Kadard\u0131r?<\/span><div class=\"right-icon-group\">\n                <div class=\"normal-icon\"><svg aria-hidden=\"true\" class=\"e-font-icon-svg e-fas-chevron-down\" viewBox=\"0 0 448 512\" xmlns=\"http:\/\/www.w3.org\/2000\/svg\"><path d=\"M207.029 381.476L12.686 187.132c-9.373-9.373-9.373-24.569 0-33.941l22.667-22.667c9.357-9.357 24.522-9.375 33.901-.04L224 284.505l154.745-154.021c9.379-9.335 24.544-9.317 33.901.04l22.667 22.667c9.373 9.373 9.373 24.569 0 33.941L240.971 381.476c-9.373 9.372-24.569 9.372-33.942 0z\"><\/path><\/svg><\/div>\n                <div class=\"active-icon\"><svg aria-hidden=\"true\" class=\"e-font-icon-svg e-fas-chevron-up\" viewBox=\"0 0 448 512\" xmlns=\"http:\/\/www.w3.org\/2000\/svg\"><path d=\"M240.971 130.524l194.343 194.343c9.373 9.373 9.373 24.569 0 33.941l-22.667 22.667c-9.357 9.357-24.522 9.375-33.901.04L224 227.495 69.255 381.516c-9.379 9.335-24.544 9.317-33.901-.04l-22.667-22.667c-9.373-9.373-9.373-24.569 0-33.941L207.03 130.525c9.372-9.373 24.568-9.373 33.941-.001z\"><\/path><\/svg><\/div>\n            <\/div>\n                    <\/a>\n                <\/div>\n                <div class=\"card-expand\" id=\"expand-55c9a0b\" style=\"display:none\"><div class=\"card-body\"><p data-pm-slice=\"1 1 []\">Dr. Elvan Bayraktar'\u0131n muayene \u00fccreti, uygulanacak olan i\u015flemin t\u00fcr\u00fcne, s\u00fcresine ve hastan\u0131n \u00f6zel durumlar\u0131na g\u00f6re de\u011fi\u015fkenlik g\u00f6sterebilmektedir. Muayene \u00fccretleri hakk\u0131nda en do\u011fru ve g\u00fcncel bilgiyi edinmek, ayr\u0131ca i\u015flem detaylar\u0131n\u0131 ve \u00f6deme se\u00e7eneklerini \u00f6\u011frenmek i\u00e7in do\u011frudan klini\u011fi ile <a href=\"https:\/\/elvanbayraktar.com\/iletisim\/\">ileti\u015fime<\/a> ge\u00e7meniz \u00f6nerilir. Klinik personeli, size \u00f6zel de\u011ferlendirme yaparak en uygun bilgilendirmeyi sa\u011flayacakt\u0131r.<\/p><\/div><\/div>\n            <\/div><div class=\"card-wrapper \">\n                <div class=\"card-header\">\n                    <a href=\"#expand-dde6ddb\" class=\"card-header-button\" aria-expanded=\"false\" data-target=\"#expand-dde6ddb\" aria-controls=\"expand-dde6ddb\">\n                        <span class=\"title\">Dr. Elvan Bayraktar Yorumlar\u0131 Nas\u0131l?<\/span><div class=\"right-icon-group\">\n                <div class=\"normal-icon\"><svg aria-hidden=\"true\" class=\"e-font-icon-svg e-fas-chevron-down\" viewBox=\"0 0 448 512\" xmlns=\"http:\/\/www.w3.org\/2000\/svg\"><path d=\"M207.029 381.476L12.686 187.132c-9.373-9.373-9.373-24.569 0-33.941l22.667-22.667c9.357-9.357 24.522-9.375 33.901-.04L224 284.505l154.745-154.021c9.379-9.335 24.544-9.317 33.901.04l22.667 22.667c9.373 9.373 9.373 24.569 0 33.941L240.971 381.476c-9.373 9.372-24.569 9.372-33.942 0z\"><\/path><\/svg><\/div>\n                <div class=\"active-icon\"><svg aria-hidden=\"true\" class=\"e-font-icon-svg e-fas-chevron-up\" viewBox=\"0 0 448 512\" xmlns=\"http:\/\/www.w3.org\/2000\/svg\"><path d=\"M240.971 130.524l194.343 194.343c9.373 9.373 9.373 24.569 0 33.941l-22.667 22.667c-9.357 9.357-24.522 9.375-33.901.04L224 227.495 69.255 381.516c-9.379 9.335-24.544 9.317-33.901-.04l-22.667-22.667c-9.373-9.373-9.373-24.569 0-33.941L207.03 130.525c9.372-9.373 24.568-9.373 33.941-.001z\"><\/path><\/svg><\/div>\n            <\/div>\n                    <\/a>\n                <\/div>\n                <div class=\"card-expand\" id=\"expand-dde6ddb\" style=\"display:none\"><div class=\"card-body\"><p data-pm-slice=\"1 1 []\">Hastalar, Dr. Elvan Bayraktar'\u0131 profesyonel, becerikli ve tecr\u00fcbeli bir cerrah olarak tan\u0131mlamaktad\u0131r. Meme b\u00fcy\u00fctme ve di\u011fer estetik operasyonlarda ba\u015far\u0131l\u0131 sonu\u00e7lar elde eden hastalar, klinik ortam\u0131n\u0131 g\u00fcvenilir ve bilimsel bulmaktad\u0131r. Yorumlar genellikle olumlu y\u00f6ndedir ve hasta memnuniyeti y\u00fcksektir.<\/p><p><a href=\"https:\/\/www.google.com\/search?sa=X&amp;sca_esv=e35c2e37abae0a49&amp;rlz=1C1GCEA_enTR1129TR1129&amp;tbm=lcl&amp;sxsrf=AHTn8zoYHPykxEx279cGwDyn9inv645i_w:1742472629811&amp;q=Dr.+Elvan+Bayraktar+Yorumlar&amp;rflfq=1&amp;num=20&amp;stick=H4sIAAAAAAAAAONgkxIxNDMytrQ0MjY2MzS1NLYwNDAwMdvAyPiKUcalSE_BNacsMU_BKbGyKDG7JLFIITK_qDQ3J7FoESteaQCv6z6gWQAAAA&amp;rldimm=16239923361593810046&amp;hl=tr-TR&amp;ved=2ahUKEwioxIWx0JiMAxUE4gIHHQTjBK0Q9fQKegQISBAF&amp;biw=2133&amp;bih=1021&amp;dpr=0.9#lkt=LocalPoiReviews\" target=\"_blank\" rel=\"noopener\"><strong>Google yorumlar\u0131na bu k\u0131sma t\u0131klayarak ula\u015fabilirsiniz.<\/strong><\/a><\/p><\/div><\/div>\n            <\/div><\/div>\t\t\t\t<\/div>\n\t\t\t\t<\/div>\n\t\t\t\t\t<\/div>\n\t\t<\/div>\n\t\t\t\t\t<\/div>\n\t\t<\/section>\n\t\t\t\t<\/div>\n\t\t","protected":false},"excerpt":{"rendered":"<p>0 + Mutlu Hasta H\u00e4ufig gestellte Fragen Wir haben die neugierigsten Fragen beantwortet! Wenn Sie unten keine Antwort auf Ihre Neugierde gefunden haben, vergessen Sie nicht, uns \u00fcber unsere Kommunikationskan\u00e4le zu fragen. Dr. Elvan Bayraktar Kimdir? Dr. Elvan Bayraktar, Trabzon do\u011fumlu bir plastik cerraht\u0131r. 1990 y\u0131l\u0131nda Karadeniz Teknik \u00dcniversitesi T\u0131p Fak\u00fcltesi&#8217;nden mezun olmu\u015f ve Plastik [&hellip;]<\/p>\n","protected":false},"author":1,"featured_media":0,"parent":0,"menu_order":0,"comment_status":"closed","ping_status":"closed","template":"","meta":{"_acf_changed":false,"footnotes":""},"class_list":["post-1782","page","type-page","status-publish","hentry"],"acf":[],"_links":{"self":[{"href":"https:\/\/elvanbayraktar.com\/de\/wp-json\/wp\/v2\/pages\/1782","targetHints":{"allow":["GET"]}}],"collection":[{"href":"https:\/\/elvanbayraktar.com\/de\/wp-json\/wp\/v2\/pages"}],"about":[{"href":"https:\/\/elvanbayraktar.com\/de\/wp-json\/wp\/v2\/types\/page"}],"author":[{"embeddable":true,"href":"https:\/\/elvanbayraktar.com\/de\/wp-json\/wp\/v2\/users\/1"}],"replies":[{"embeddable":true,"href":"https:\/\/elvanbayraktar.com\/de\/wp-json\/wp\/v2\/comments?post=1782"}],"version-history":[{"count":4,"href":"https:\/\/elvanbayraktar.com\/de\/wp-json\/wp\/v2\/pages\/1782\/revisions"}],"predecessor-version":[{"id":2638,"href":"https:\/\/elvanbayraktar.com\/de\/wp-json\/wp\/v2\/pages\/1782\/revisions\/2638"}],"wp:attachment":[{"href":"https:\/\/elvanbayraktar.com\/de\/wp-json\/wp\/v2\/media?parent=1782"}],"curies":[{"name":"wp","href":"https:\/\/api.w.org\/{rel}","templated":true}]}}